{"id":650,"date":"2024-12-11T13:26:51","date_gmt":"2024-12-11T13:26:51","guid":{"rendered":"https:\/\/www.juslok.com\/?page_id=650"},"modified":"2024-12-19T13:40:27","modified_gmt":"2024-12-19T13:40:27","slug":"about-us","status":"publish","type":"page","link":"https:\/\/www.juslok.com\/es\/about-us\/","title":{"rendered":"Acerca De Nosotros"},"content":{"rendered":"<div data-elementor-type=\"wp-page\" data-elementor-id=\"650\" class=\"elementor elementor-650\">\n\t\t\t\t<div class=\"elementor-element elementor-element-e4ff1b1 e-con-full e-flex e-con e-parent\" data-id=\"e4ff1b1\" data-element_type=\"container\" data-settings=\"{&quot;background_background&quot;:&quot;classic&quot;}\">\n\t\t<div class=\"elementor-element elementor-element-3dd7ca4 e-flex e-con-boxed e-con e-child\" data-id=\"3dd7ca4\" data-element_type=\"container\">\n\t\t\t\t\t<div class=\"e-con-inner\">\n\t\t\t\t<div class=\"elementor-element elementor-element-e353d2f elementor-widget elementor-widget-heading\" data-id=\"e353d2f\" data-element_type=\"widget\" data-widget_type=\"heading.default\">\n\t\t\t\t<div class=\"elementor-widget-container\">\n\t\t\t\t\t<h1 class=\"elementor-heading-title elementor-size-default\">Acerca De Nosotros<\/h1>\t\t\t\t<\/div>\n\t\t\t\t<\/div>\n\t\t\t\t<div class=\"elementor-element elementor-element-0a9e310 elementor-widget elementor-widget-breadcrumbs\" data-id=\"0a9e310\" data-element_type=\"widget\" data-widget_type=\"breadcrumbs.default\">\n\t\t\t\t<div class=\"elementor-widget-container\">\n\t\t\t\t\t<p id=\"breadcrumbs\"><span><span><a href=\"https:\/\/www.juslok.com\/es\/\">Casa<\/a><\/span><\/span><\/p>\t\t\t\t<\/div>\n\t\t\t\t<\/div>\n\t\t\t\t\t<\/div>\n\t\t\t\t<\/div>\n\t\t\t\t<\/div>\n\t\t<div class=\"elementor-element elementor-element-f5ca6a0 e-flex e-con-boxed e-con e-parent\" data-id=\"f5ca6a0\" data-element_type=\"container\">\n\t\t\t\t\t<div class=\"e-con-inner\">\n\t\t<div class=\"elementor-element elementor-element-09506e1 e-con-full e-flex e-con e-child\" data-id=\"09506e1\" data-element_type=\"container\">\n\t\t\t\t<div class=\"elementor-element elementor-element-c01f51a elementor-widget elementor-widget-text-editor\" data-id=\"c01f51a\" data-element_type=\"widget\" data-widget_type=\"text-editor.default\">\n\t\t\t\t<div class=\"elementor-widget-container\">\n\t\t\t\t\t\t\t\t\t<h2>La Historia De La Empresa<\/h2><p>Despu\u00e9s de 30 a\u00f1os de experiencia en el bloqueo de la industria, el fundador de JUSLOK fund\u00f3 su propia compa\u00f1\u00eda hace cuatro a\u00f1os, comenzando como un peque\u00f1o dom\u00e9stica taller. En los \u00faltimos cuatro a\u00f1os, hemos transformado a partir de un taller centrado exclusivamente en la producci\u00f3n en una empresa de pleno derecho, capaz de la investigaci\u00f3n, la fabricaci\u00f3n y las ventas. La innovaci\u00f3n de producto sigue siendo la base de nuestro desarrollo.<\/p><p>Con \u00e9xito hemos asociado con los clientes de Jap\u00f3n, Corea, Tailandia, Indonesia, los estados UNIDOS y varios pa\u00edses Europeos. Este a\u00f1o, hemos dado un importante paso adelante con el lanzamiento de nuestro propio comercio de exportaci\u00f3n de la divisi\u00f3n, ofreciendo un directo de la ventana para los mercados internacionales.<\/p><p>En JUSLOK, ofrecemos productos de alta calidad y servicios, incluyendo soluciones OEM. Apoyamos a nuestros clientes en la construcci\u00f3n de sus propios negocios. Para obtener m\u00e1s informaci\u00f3n, visite nuestra historia de un cliente de la p\u00e1gina.<\/p>\t\t\t\t\t\t\t\t<\/div>\n\t\t\t\t<\/div>\n\t\t\t\t<\/div>\n\t\t<div class=\"elementor-element elementor-element-be5f588 e-con-full e-flex e-con e-child\" data-id=\"be5f588\" data-element_type=\"container\">\n\t\t\t\t<div class=\"elementor-element elementor-element-564e12f elementor-widget elementor-widget-image\" data-id=\"564e12f\" data-element_type=\"widget\" data-widget_type=\"image.default\">\n\t\t\t\t<div class=\"elementor-widget-container\">\n\t\t\t\t\t\t\t\t\t\t\t\t\t\t\t<img fetchpriority=\"high\" decoding=\"async\" width=\"1024\" height=\"641\" src=\"https:\/\/www.juslok.com\/wp-content\/uploads\/2024\/12\/Xinluoke-1024x641.webp\" class=\"attachment-large size-large wp-image-653\" alt=\"Xinluoke\" srcset=\"https:\/\/www.juslok.com\/wp-content\/uploads\/2024\/12\/Xinluoke-1024x641.webp 1024w, https:\/\/www.juslok.com\/wp-content\/uploads\/2024\/12\/Xinluoke-300x188.webp 300w, https:\/\/www.juslok.com\/wp-content\/uploads\/2024\/12\/Xinluoke-768x481.webp 768w, https:\/\/www.juslok.com\/wp-content\/uploads\/2024\/12\/Xinluoke.webp 1200w\" sizes=\"(max-width: 1024px) 100vw, 1024px\" \/>\t\t\t\t\t\t\t\t\t\t\t\t\t\t\t<\/div>\n\t\t\t\t<\/div>\n\t\t\t\t<\/div>\n\t\t\t\t\t<\/div>\n\t\t\t\t<\/div>\n\t\t<div class=\"elementor-element elementor-element-d4b78ab e-flex e-con-boxed e-con e-parent\" data-id=\"d4b78ab\" data-element_type=\"container\">\n\t\t\t\t\t<div class=\"e-con-inner\">\n\t\t<div class=\"elementor-element elementor-element-2bd9a7f e-con-full e-flex e-con e-child\" data-id=\"2bd9a7f\" data-element_type=\"container\">\n\t\t<div class=\"elementor-element elementor-element-118418b e-con-full e-flex e-con e-child\" data-id=\"118418b\" data-element_type=\"container\">\n\t\t\t\t<div class=\"elementor-element elementor-element-30f24d5 elementor-widget__width-initial elementor-widget elementor-widget-heading\" data-id=\"30f24d5\" data-element_type=\"widget\" data-widget_type=\"heading.default\">\n\t\t\t\t<div class=\"elementor-widget-container\">\n\t\t\t\t\t<h2 class=\"elementor-heading-title elementor-size-default\">Estandarizado De Producci\u00f3n Y Control De Calidad<\/h2>\t\t\t\t<\/div>\n\t\t\t\t<\/div>\n\t\t\t\t<\/div>\n\t\t<div class=\"elementor-element elementor-element-5a27718 e-con-full e-flex e-con e-child\" data-id=\"5a27718\" data-element_type=\"container\">\n\t\t\t\t<div class=\"elementor-element elementor-element-0127728 elementor-widget elementor-widget-text-editor\" data-id=\"0127728\" data-element_type=\"widget\" data-widget_type=\"text-editor.default\">\n\t\t\t\t<div class=\"elementor-widget-container\">\n\t\t\t\t\t\t\t\t\t<p>&#034;Nosotros seguimos estandarizada y eficiente proceso de fabricaci\u00f3n que garantiza la homogeneidad de la calidad y la fiabilidad de todos los productos que producimos. Desde el dise\u00f1o inicial hasta la inspecci\u00f3n final, cada paso es cuidadosamente controlado y optimizado para cumplir con los m\u00e1s altos est\u00e1ndares de la industria. Nuestro proceso incluye a estrictos controles de calidad, precisa material de abastecimiento, y las avanzadas t\u00e9cnicas de producci\u00f3n, para asegurar que cada producto es dise\u00f1ado a la perfecci\u00f3n.&#034;<\/p>\t\t\t\t\t\t\t\t<\/div>\n\t\t\t\t<\/div>\n\t\t\t\t<\/div>\n\t\t\t\t<\/div>\n\t\t<div class=\"elementor-element elementor-element-520a1bc e-con-full e-flex e-con e-child\" data-id=\"520a1bc\" data-element_type=\"container\">\n\t\t<div class=\"elementor-element elementor-element-7a059ba e-grid e-con-full e-con e-child\" data-id=\"7a059ba\" data-element_type=\"container\">\n\t\t\t\t<div class=\"elementor-element elementor-element-04ebe3d elementor-widget elementor-widget-image\" data-id=\"04ebe3d\" data-element_type=\"widget\" data-widget_type=\"image.default\">\n\t\t\t\t<div class=\"elementor-widget-container\">\n\t\t\t\t\t\t\t\t\t\t\t\t<figure class=\"wp-caption\">\n\t\t\t\t\t\t\t\t\t\t<img decoding=\"async\" width=\"600\" height=\"380\" src=\"https:\/\/www.juslok.com\/wp-content\/uploads\/2024\/12\/Disc-assorting.jpg\" class=\"attachment-full size-full wp-image-656\" alt=\"Disco assorting\" srcset=\"https:\/\/www.juslok.com\/wp-content\/uploads\/2024\/12\/Disc-assorting.jpg 600w, https:\/\/www.juslok.com\/wp-content\/uploads\/2024\/12\/Disc-assorting-300x190.jpg 300w\" sizes=\"(max-width: 600px) 100vw, 600px\" \/>\t\t\t\t\t\t\t\t\t\t\t<figcaption class=\"widget-image-caption wp-caption-text\">Disco Assorting<\/figcaption>\n\t\t\t\t\t\t\t\t\t\t<\/figure>\n\t\t\t\t\t\t\t\t\t<\/div>\n\t\t\t\t<\/div>\n\t\t\t\t<div class=\"elementor-element elementor-element-da5f25c elementor-widget elementor-widget-image\" data-id=\"da5f25c\" data-element_type=\"widget\" data-widget_type=\"image.default\">\n\t\t\t\t<div class=\"elementor-widget-container\">\n\t\t\t\t\t\t\t\t\t\t\t\t<figure class=\"wp-caption\">\n\t\t\t\t\t\t\t\t\t\t<img decoding=\"async\" width=\"600\" height=\"380\" src=\"https:\/\/www.juslok.com\/wp-content\/uploads\/2024\/12\/3D-Image-mapping.jpg\" class=\"attachment-full size-full wp-image-655\" alt=\"Imagen 3D mapping\" srcset=\"https:\/\/www.juslok.com\/wp-content\/uploads\/2024\/12\/3D-Image-mapping.jpg 600w, https:\/\/www.juslok.com\/wp-content\/uploads\/2024\/12\/3D-Image-mapping-300x190.jpg 300w\" sizes=\"(max-width: 600px) 100vw, 600px\" \/>\t\t\t\t\t\t\t\t\t\t\t<figcaption class=\"widget-image-caption wp-caption-text\">Imagen 3D Mapping<\/figcaption>\n\t\t\t\t\t\t\t\t\t\t<\/figure>\n\t\t\t\t\t\t\t\t\t<\/div>\n\t\t\t\t<\/div>\n\t\t\t\t<div class=\"elementor-element elementor-element-eed1488 elementor-widget elementor-widget-image\" data-id=\"eed1488\" data-element_type=\"widget\" data-widget_type=\"image.default\">\n\t\t\t\t<div class=\"elementor-widget-container\">\n\t\t\t\t\t\t\t\t\t\t\t\t<figure class=\"wp-caption\">\n\t\t\t\t\t\t\t\t\t\t<img loading=\"lazy\" decoding=\"async\" width=\"600\" height=\"380\" src=\"https:\/\/www.juslok.com\/wp-content\/uploads\/2024\/12\/Hardness-test.jpg\" class=\"attachment-full size-full wp-image-658\" alt=\"Prueba de dureza\" srcset=\"https:\/\/www.juslok.com\/wp-content\/uploads\/2024\/12\/Hardness-test.jpg 600w, https:\/\/www.juslok.com\/wp-content\/uploads\/2024\/12\/Hardness-test-300x190.jpg 300w\" sizes=\"(max-width: 600px) 100vw, 600px\" \/>\t\t\t\t\t\t\t\t\t\t\t<figcaption class=\"widget-image-caption wp-caption-text\">Prueba De Dureza<\/figcaption>\n\t\t\t\t\t\t\t\t\t\t<\/figure>\n\t\t\t\t\t\t\t\t\t<\/div>\n\t\t\t\t<\/div>\n\t\t\t\t<div class=\"elementor-element elementor-element-f7531f6 elementor-widget elementor-widget-image\" data-id=\"f7531f6\" data-element_type=\"widget\" data-widget_type=\"image.default\">\n\t\t\t\t<div class=\"elementor-widget-container\">\n\t\t\t\t\t\t\t\t\t\t\t\t<figure class=\"wp-caption\">\n\t\t\t\t\t\t\t\t\t\t<img loading=\"lazy\" decoding=\"async\" width=\"600\" height=\"380\" src=\"https:\/\/www.juslok.com\/wp-content\/uploads\/2024\/12\/Eco-friendly-material-test.jpg\" class=\"attachment-full size-full wp-image-657\" alt=\"Eco-friendly material de prueba\" srcset=\"https:\/\/www.juslok.com\/wp-content\/uploads\/2024\/12\/Eco-friendly-material-test.jpg 600w, https:\/\/www.juslok.com\/wp-content\/uploads\/2024\/12\/Eco-friendly-material-test-300x190.jpg 300w\" sizes=\"(max-width: 600px) 100vw, 600px\" \/>\t\t\t\t\t\t\t\t\t\t\t<figcaption class=\"widget-image-caption wp-caption-text\">Eco-friendly Material de Prueba<\/figcaption>\n\t\t\t\t\t\t\t\t\t\t<\/figure>\n\t\t\t\t\t\t\t\t\t<\/div>\n\t\t\t\t<\/div>\n\t\t\t\t<div class=\"elementor-element elementor-element-a53d762 elementor-widget elementor-widget-image\" data-id=\"a53d762\" data-element_type=\"widget\" data-widget_type=\"image.default\">\n\t\t\t\t<div class=\"elementor-widget-container\">\n\t\t\t\t\t\t\t\t\t\t\t\t<figure class=\"wp-caption\">\n\t\t\t\t\t\t\t\t\t\t<img loading=\"lazy\" decoding=\"async\" width=\"600\" height=\"380\" src=\"https:\/\/www.juslok.com\/wp-content\/uploads\/2024\/12\/Tensile-test.jpg\" class=\"attachment-full size-full wp-image-659\" alt=\"Ensayo de tracci\u00f3n\" srcset=\"https:\/\/www.juslok.com\/wp-content\/uploads\/2024\/12\/Tensile-test.jpg 600w, https:\/\/www.juslok.com\/wp-content\/uploads\/2024\/12\/Tensile-test-300x190.jpg 300w\" sizes=\"(max-width: 600px) 100vw, 600px\" \/>\t\t\t\t\t\t\t\t\t\t\t<figcaption class=\"widget-image-caption wp-caption-text\">Ensayo De Tracci\u00f3n<\/figcaption>\n\t\t\t\t\t\t\t\t\t\t<\/figure>\n\t\t\t\t\t\t\t\t\t<\/div>\n\t\t\t\t<\/div>\n\t\t\t\t<div class=\"elementor-element elementor-element-242b816 elementor-widget elementor-widget-image\" data-id=\"242b816\" data-element_type=\"widget\" data-widget_type=\"image.default\">\n\t\t\t\t<div class=\"elementor-widget-container\">\n\t\t\t\t\t\t\t\t\t\t\t\t<figure class=\"wp-caption\">\n\t\t\t\t\t\t\t\t\t\t<img loading=\"lazy\" decoding=\"async\" width=\"600\" height=\"380\" src=\"https:\/\/www.juslok.com\/wp-content\/uploads\/2024\/12\/Weather-proof-test.jpg\" class=\"attachment-full size-full wp-image-660\" alt=\"A prueba de mal tiempo de la prueba\" srcset=\"https:\/\/www.juslok.com\/wp-content\/uploads\/2024\/12\/Weather-proof-test.jpg 600w, https:\/\/www.juslok.com\/wp-content\/uploads\/2024\/12\/Weather-proof-test-300x190.jpg 300w\" sizes=\"(max-width: 600px) 100vw, 600px\" \/>\t\t\t\t\t\t\t\t\t\t\t<figcaption class=\"widget-image-caption wp-caption-text\">A prueba de mal tiempo de la Prueba<\/figcaption>\n\t\t\t\t\t\t\t\t\t\t<\/figure>\n\t\t\t\t\t\t\t\t\t<\/div>\n\t\t\t\t<\/div>\n\t\t\t\t<\/div>\n\t\t\t\t<\/div>\n\t\t\t\t\t<\/div>\n\t\t\t\t<\/div>\n\t\t<div class=\"elementor-element elementor-element-eb3effe e-flex e-con-boxed e-con e-parent\" data-id=\"eb3effe\" data-element_type=\"container\">\n\t\t\t\t\t<div class=\"e-con-inner\">\n\t\t<div class=\"elementor-element elementor-element-83564ba e-con-full e-flex e-con e-child\" data-id=\"83564ba\" data-element_type=\"container\">\n\t\t\t\t<div class=\"elementor-element elementor-element-b0c8f3b elementor-widget elementor-widget-image\" data-id=\"b0c8f3b\" data-element_type=\"widget\" data-widget_type=\"image.default\">\n\t\t\t\t<div class=\"elementor-widget-container\">\n\t\t\t\t\t\t\t\t\t\t\t\t\t\t\t<img loading=\"lazy\" decoding=\"async\" width=\"940\" height=\"582\" src=\"https:\/\/www.juslok.com\/wp-content\/uploads\/2024\/11\/Juslok-Profile.jpg\" class=\"attachment-large size-large wp-image-215\" alt=\"\" srcset=\"https:\/\/www.juslok.com\/wp-content\/uploads\/2024\/11\/Juslok-Profile.jpg 940w, https:\/\/www.juslok.com\/wp-content\/uploads\/2024\/11\/Juslok-Profile-300x186.jpg 300w, https:\/\/www.juslok.com\/wp-content\/uploads\/2024\/11\/Juslok-Profile-768x476.jpg 768w\" sizes=\"(max-width: 940px) 100vw, 940px\" \/>\t\t\t\t\t\t\t\t\t\t\t\t\t\t\t<\/div>\n\t\t\t\t<\/div>\n\t\t\t\t<\/div>\n\t\t<div class=\"elementor-element elementor-element-7532728 e-con-full e-flex e-con e-child\" data-id=\"7532728\" data-element_type=\"container\">\n\t\t\t\t<div class=\"elementor-element elementor-element-c8aefa1 elementor-widget elementor-widget-heading\" data-id=\"c8aefa1\" data-element_type=\"widget\" data-widget_type=\"heading.default\">\n\t\t\t\t<div class=\"elementor-widget-container\">\n\t\t\t\t\t<h2 class=\"elementor-heading-title elementor-size-default\">\u00bfPor Qu\u00e9 Elegir Nosotros<\/h2>\t\t\t\t<\/div>\n\t\t\t\t<\/div>\n\t\t\t\t<div class=\"elementor-element elementor-element-06db997 elementor-widget-divider--view-line elementor-widget elementor-widget-divider\" data-id=\"06db997\" data-element_type=\"widget\" data-widget_type=\"divider.default\">\n\t\t\t\t<div class=\"elementor-widget-container\">\n\t\t\t\t\t\t\t<div class=\"elementor-divider\">\n\t\t\t<span class=\"elementor-divider-separator\">\n\t\t\t\t\t\t<\/span>\n\t\t<\/div>\n\t\t\t\t\t\t<\/div>\n\t\t\t\t<\/div>\n\t\t\t\t<div class=\"elementor-element elementor-element-fd01346 elementor-widget elementor-widget-text-editor\" data-id=\"fd01346\" data-element_type=\"widget\" data-widget_type=\"text-editor.default\">\n\t\t\t\t<div class=\"elementor-widget-container\">\n\t\t\t\t\t\t\t\t\t<p>JUSLOK, s\u00f3lo se centran en la cerradura. Nuestros valores fundamentales son para construir la cerradura con la confianza, la seguridad y la innovaci\u00f3n. Dise\u00f1amos cada bloqueo de la bicicleta con el mayor cuidado, usando los materiales de primera calidad y tecnolog\u00edas avanzadas para ofrecer protecci\u00f3n. Empezamos a partir de una sola l\u00ednea de f\u00e1brica, en una colecci\u00f3n de desarrollo de producto, producci\u00f3n y ventas, entendemos lo dif\u00edcil que puede ser para construir su negocio. Estamos orgullosos de ofrecer no s\u00f3lo productos, sino una excepcional experiencia de servicio.<\/p>\t\t\t\t\t\t\t\t<\/div>\n\t\t\t\t<\/div>\n\t\t\t\t<div class=\"elementor-element elementor-element-032bb9f elementor-widget elementor-widget-button\" data-id=\"032bb9f\" data-element_type=\"widget\" data-widget_type=\"button.default\">\n\t\t\t\t<div class=\"elementor-widget-container\">\n\t\t\t\t\t\t\t\t\t<div class=\"elementor-button-wrapper\">\n\t\t\t\t\t<a class=\"elementor-button elementor-button-link elementor-size-sm\" href=\"https:\/\/www.juslok.com\/es\/contact-us\/\" target=\"_blank\">\n\t\t\t\t\t\t<span class=\"elementor-button-content-wrapper\">\n\t\t\t\t\t\t\t\t\t<span class=\"elementor-button-text\">P\u00f3ngase En Contacto Con Nosotros Ahora<\/span>\n\t\t\t\t\t<\/span>\n\t\t\t\t\t<\/a>\n\t\t\t\t<\/div>\n\t\t\t\t\t\t\t\t<\/div>\n\t\t\t\t<\/div>\n\t\t\t\t<\/div>\n\t\t\t\t\t<\/div>\n\t\t\t\t<\/div>\n\t\t\t\t<\/div>","protected":false},"excerpt":{"rendered":"<p>About Us Company Story After 30 years of experience in the lock industry, the founder of JUSLOK established his own company four years ago, starting as a small domestic workshop. Over the past four years, we have transformed from a workshop focused solely on production into a full-fledged company capable of research, manufacturing, and sales. [&hellip;]<\/p>","protected":false},"author":1,"featured_media":653,"parent":0,"menu_order":0,"comment_status":"closed","ping_status":"closed","template":"","meta":{"_acf_changed":false,"footnotes":""},"class_list":["post-650","page","type-page","status-publish","has-post-thumbnail","hentry"],"blocksy_meta":[],"acf":[],"yoast_head":"<!-- This site is optimized with the Yoast SEO Premium plugin v22.6 (Yoast SEO v25.4) - https:\/\/yoast.com\/wordpress\/plugins\/seo\/ -->\n<title>About Us - JUSLOK<\/title>\n<meta name=\"robots\" content=\"index, follow, max-snippet:-1, max-image-preview:large, max-video-preview:-1\" \/>\n<link rel=\"canonical\" href=\"https:\/\/www.juslok.com\/es\/about-us\/\" \/>\n<meta property=\"og:locale\" content=\"es_ES\" \/>\n<meta property=\"og:type\" content=\"article\" \/>\n<meta property=\"og:title\" content=\"About Us\" \/>\n<meta property=\"og:description\" content=\"About Us Company Story After 30 years of experience in the lock industry, the founder of JUSLOK established his own company four years ago, starting as a small domestic workshop. Over the past four years, we have transformed from a workshop focused solely on production into a full-fledged company capable of research, manufacturing, and sales. [&hellip;]\" \/>\n<meta property=\"og:url\" content=\"https:\/\/www.juslok.com\/es\/about-us\/\" \/>\n<meta property=\"og:site_name\" content=\"JUSLOK\" \/>\n<meta property=\"article:modified_time\" content=\"2024-12-19T13:40:27+00:00\" \/>\n<meta property=\"og:image\" content=\"https:\/\/www.juslok.com\/wp-content\/uploads\/2024\/12\/Xinluoke.webp\" \/>\n\t<meta property=\"og:image:width\" content=\"1200\" \/>\n\t<meta property=\"og:image:height\" content=\"751\" \/>\n\t<meta property=\"og:image:type\" content=\"image\/webp\" \/>\n<meta name=\"twitter:card\" content=\"summary_large_image\" \/>\n<meta name=\"twitter:label1\" content=\"Tiempo de lectura\" \/>\n\t<meta name=\"twitter:data1\" content=\"3 minutos\" \/>\n<script type=\"application\/ld+json\" class=\"yoast-schema-graph\">{\"@context\":\"https:\/\/schema.org\",\"@graph\":[{\"@type\":\"WebPage\",\"@id\":\"https:\/\/www.juslok.com\/about-us\/\",\"url\":\"https:\/\/www.juslok.com\/about-us\/\",\"name\":\"About Us - JUSLOK\",\"isPartOf\":{\"@id\":\"https:\/\/www.juslok.com\/#website\"},\"primaryImageOfPage\":{\"@id\":\"https:\/\/www.juslok.com\/about-us\/#primaryimage\"},\"image\":{\"@id\":\"https:\/\/www.juslok.com\/about-us\/#primaryimage\"},\"thumbnailUrl\":\"https:\/\/www.juslok.com\/wp-content\/uploads\/2024\/12\/Xinluoke.webp\",\"datePublished\":\"2024-12-11T13:26:51+00:00\",\"dateModified\":\"2024-12-19T13:40:27+00:00\",\"breadcrumb\":{\"@id\":\"https:\/\/www.juslok.com\/about-us\/#breadcrumb\"},\"inLanguage\":\"es\",\"potentialAction\":[{\"@type\":\"ReadAction\",\"target\":[\"https:\/\/www.juslok.com\/about-us\/\"]}]},{\"@type\":\"ImageObject\",\"inLanguage\":\"es\",\"@id\":\"https:\/\/www.juslok.com\/about-us\/#primaryimage\",\"url\":\"https:\/\/www.juslok.com\/wp-content\/uploads\/2024\/12\/Xinluoke.webp\",\"contentUrl\":\"https:\/\/www.juslok.com\/wp-content\/uploads\/2024\/12\/Xinluoke.webp\",\"width\":1200,\"height\":751,\"caption\":\"Xinluoke\"},{\"@type\":\"BreadcrumbList\",\"@id\":\"https:\/\/www.juslok.com\/about-us\/#breadcrumb\",\"itemListElement\":[{\"@type\":\"ListItem\",\"position\":1,\"name\":\"Home\",\"item\":\"https:\/\/www.juslok.com\/\"},{\"@type\":\"ListItem\",\"position\":2,\"name\":\"About Us\"}]},{\"@type\":\"WebSite\",\"@id\":\"https:\/\/www.juslok.com\/#website\",\"url\":\"https:\/\/www.juslok.com\/\",\"name\":\"JUSLOK\",\"description\":\"\",\"publisher\":{\"@id\":\"https:\/\/www.juslok.com\/#organization\"},\"potentialAction\":[{\"@type\":\"SearchAction\",\"target\":{\"@type\":\"EntryPoint\",\"urlTemplate\":\"https:\/\/www.juslok.com\/?s={search_term_string}\"},\"query-input\":{\"@type\":\"PropertyValueSpecification\",\"valueRequired\":true,\"valueName\":\"search_term_string\"}}],\"inLanguage\":\"es\"},{\"@type\":\"Organization\",\"@id\":\"https:\/\/www.juslok.com\/#organization\",\"name\":\"JUSLOK\",\"url\":\"https:\/\/www.juslok.com\/\",\"logo\":{\"@type\":\"ImageObject\",\"inLanguage\":\"es\",\"@id\":\"https:\/\/www.juslok.com\/#\/schema\/logo\/image\/\",\"url\":\"https:\/\/www.juslok.com\/wp-content\/uploads\/2024\/11\/JUSLOK-Logo.svg\",\"contentUrl\":\"https:\/\/www.juslok.com\/wp-content\/uploads\/2024\/11\/JUSLOK-Logo.svg\",\"width\":694,\"height\":413,\"caption\":\"JUSLOK\"},\"image\":{\"@id\":\"https:\/\/www.juslok.com\/#\/schema\/logo\/image\/\"}}]}<\/script>\n<!-- \/ Yoast SEO Premium plugin. -->","yoast_head_json":{"title":"Acerca de Nosotros - JUSLOK","robots":{"index":"index","follow":"follow","max-snippet":"max-snippet:-1","max-image-preview":"max-image-preview:large","max-video-preview":"max-video-preview:-1"},"canonical":"https:\/\/www.juslok.com\/es\/about-us\/","og_locale":"es_ES","og_type":"article","og_title":"About Us","og_description":"About Us Company Story After 30 years of experience in the lock industry, the founder of JUSLOK established his own company four years ago, starting as a small domestic workshop. Over the past four years, we have transformed from a workshop focused solely on production into a full-fledged company capable of research, manufacturing, and sales. [&hellip;]","og_url":"https:\/\/www.juslok.com\/es\/about-us\/","og_site_name":"JUSLOK","article_modified_time":"2024-12-19T13:40:27+00:00","og_image":[{"width":1200,"height":751,"url":"https:\/\/www.juslok.com\/wp-content\/uploads\/2024\/12\/Xinluoke.webp","type":"image\/webp"}],"twitter_card":"summary_large_image","twitter_misc":{"Tiempo de lectura":"3 minutos"},"schema":{"@context":"https:\/\/schema.org","@graph":[{"@type":"WebPage","@id":"https:\/\/www.juslok.com\/about-us\/","url":"https:\/\/www.juslok.com\/about-us\/","name":"Acerca de Nosotros - JUSLOK","isPartOf":{"@id":"https:\/\/www.juslok.com\/#website"},"primaryImageOfPage":{"@id":"https:\/\/www.juslok.com\/about-us\/#primaryimage"},"image":{"@id":"https:\/\/www.juslok.com\/about-us\/#primaryimage"},"thumbnailUrl":"https:\/\/www.juslok.com\/wp-content\/uploads\/2024\/12\/Xinluoke.webp","datePublished":"2024-12-11T13:26:51+00:00","dateModified":"2024-12-19T13:40:27+00:00","breadcrumb":{"@id":"https:\/\/www.juslok.com\/about-us\/#breadcrumb"},"inLanguage":"es","potentialAction":[{"@type":"ReadAction","target":["https:\/\/www.juslok.com\/about-us\/"]}]},{"@type":"ImageObject","inLanguage":"es","@id":"https:\/\/www.juslok.com\/about-us\/#primaryimage","url":"https:\/\/www.juslok.com\/wp-content\/uploads\/2024\/12\/Xinluoke.webp","contentUrl":"https:\/\/www.juslok.com\/wp-content\/uploads\/2024\/12\/Xinluoke.webp","width":1200,"height":751,"caption":"Xinluoke"},{"@type":"BreadcrumbList","@id":"https:\/\/www.juslok.com\/about-us\/#breadcrumb","itemListElement":[{"@type":"ListItem","position":1,"name":"Home","item":"https:\/\/www.juslok.com\/"},{"@type":"ListItem","position":2,"name":"About Us"}]},{"@type":"WebSite","@id":"https:\/\/www.juslok.com\/#website","url":"https:\/\/www.juslok.com\/","name":"JUSLOK","description":"","publisher":{"@id":"https:\/\/www.juslok.com\/#organization"},"potentialAction":[{"@type":"SearchAction","target":{"@type":"EntryPoint","urlTemplate":"https:\/\/www.juslok.com\/?s={search_term_string}"},"query-input":{"@type":"PropertyValueSpecification","valueRequired":true,"valueName":"search_term_string"}}],"inLanguage":"es"},{"@type":"Organization","@id":"https:\/\/www.juslok.com\/#organization","name":"JUSLOK","url":"https:\/\/www.juslok.com\/","logo":{"@type":"ImageObject","inLanguage":"es","@id":"https:\/\/www.juslok.com\/#\/schema\/logo\/image\/","url":"https:\/\/www.juslok.com\/wp-content\/uploads\/2024\/11\/JUSLOK-Logo.svg","contentUrl":"https:\/\/www.juslok.com\/wp-content\/uploads\/2024\/11\/JUSLOK-Logo.svg","width":694,"height":413,"caption":"JUSLOK"},"image":{"@id":"https:\/\/www.juslok.com\/#\/schema\/logo\/image\/"}}]}},"_links":{"self":[{"href":"https:\/\/www.juslok.com\/es\/wp-json\/wp\/v2\/pages\/650","targetHints":{"allow":["GET"]}}],"collection":[{"href":"https:\/\/www.juslok.com\/es\/wp-json\/wp\/v2\/pages"}],"about":[{"href":"https:\/\/www.juslok.com\/es\/wp-json\/wp\/v2\/types\/page"}],"author":[{"embeddable":true,"href":"https:\/\/www.juslok.com\/es\/wp-json\/wp\/v2\/users\/1"}],"replies":[{"embeddable":true,"href":"https:\/\/www.juslok.com\/es\/wp-json\/wp\/v2\/comments?post=650"}],"version-history":[{"count":31,"href":"https:\/\/www.juslok.com\/es\/wp-json\/wp\/v2\/pages\/650\/revisions"}],"predecessor-version":[{"id":750,"href":"https:\/\/www.juslok.com\/es\/wp-json\/wp\/v2\/pages\/650\/revisions\/750"}],"wp:featuredmedia":[{"embeddable":true,"href":"https:\/\/www.juslok.com\/es\/wp-json\/wp\/v2\/media\/653"}],"wp:attachment":[{"href":"https:\/\/www.juslok.com\/es\/wp-json\/wp\/v2\/media?parent=650"}],"curies":[{"name":"wp","href":"https:\/\/api.w.org\/{rel}","templated":true}]}}